{"id":217,"date":"2019-05-19T16:29:27","date_gmt":"2019-05-19T14:29:27","guid":{"rendered":"http:\/\/127.0.0.1:10080\/wordpress\/?page_id=217"},"modified":"2026-02-16T13:39:13","modified_gmt":"2026-02-16T12:39:13","slug":"tarifs","status":"publish","type":"page","link":"https:\/\/test.chambredhotesduchene.fr\/index.php\/tarifs\/","title":{"rendered":"Tarifs"},"content":{"rendered":"\t\t<div data-elementor-type=\"wp-post\" data-elementor-id=\"217\" class=\"elementor elementor-217\">\n\t\t\t\t\t\t<section class=\"elementor-section elementor-top-section elementor-element elementor-element-1b23da82 elementor-section-boxed elementor-section-height-default elementor-section-height-default\" data-id=\"1b23da82\" data-element_type=\"section\" data-e-type=\"section\">\n\t\t\t\t\t\t<div class=\"elementor-container elementor-column-gap-default\">\n\t\t\t\t\t<div class=\"elementor-column elementor-col-100 elementor-top-column elementor-element elementor-element-431099df\" data-id=\"431099df\" data-element_type=\"column\" data-e-type=\"column\">\n\t\t\t<div class=\"elementor-widget-wrap elementor-element-populated\">\n\t\t\t\t\t\t<div class=\"elementor-element elementor-element-6037d898 elementor-widget elementor-widget-text-editor\" data-id=\"6037d898\" data-element_type=\"widget\" data-e-type=\"widget\" data-widget_type=\"text-editor.default\">\n\t\t\t\t<div class=\"elementor-widget-container\">\n\t\t\t\t\t\t\t\t\t<ul><li><span style=\"color: #333333;\">69 euros la nuit\u00e9e pour deux personnes, petit d\u00e9jeuner inclus<\/span><\/li><li><span style=\"color: #333333;\">59 euros la nuit\u00e9e pour une personne, petit d\u00e9jeuner inclus<\/span><\/li><li><span style=\"color: #333333;\">Possibilit\u00e9 d&rsquo;un lit suppl\u00e9mentaire (29 euros)<\/span><\/li><li><span style=\"color: #333333;\">Possibilit\u00e9 de s\u00e9jour<\/span><\/li><li><span style=\"color: #333333;\"><em>Taxe de s\u00e9jour : 0.66 euros par personne et par nuit<\/em><\/span><\/li><\/ul><div><span style=\"color: #333333;\"><i>Possibilit\u00e9 d&rsquo;accueil jusqu&rsquo;\u00e0 7 places<\/i><\/span><\/div><div><span style=\"color: #333333;\"><i>\u00a0<\/i><\/span><\/div><div><span style=\"color: #333333;\"><i>Ch\u00e8ques Vacances accept\u00e9s<br \/><\/i><\/span><\/div>\t\t\t\t\t\t\t\t<\/div>\n\t\t\t\t<\/div>\n\t\t\t\t\t<\/div>\n\t\t<\/div>\n\t\t\t\t\t<\/div>\n\t\t<\/section>\n\t\t\t\t<\/div>\n\t\t","protected":false},"excerpt":{"rendered":"<p>69 euros la nuit\u00e9e pour deux personnes, petit d\u00e9jeuner inclus 59 euros la nuit\u00e9e pour une personne, petit d\u00e9jeuner inclus Possibilit\u00e9 d&rsquo;un lit suppl\u00e9mentaire (29 euros) Possibilit\u00e9 de s\u00e9jour Taxe de s\u00e9jour : 0.66 euros par personne et par nuit Possibilit\u00e9 d&rsquo;accueil jusqu&rsquo;\u00e0 7 places\u00a0Ch\u00e8ques Vacances accept\u00e9s<\/p>\n","protected":false},"author":1,"featured_media":0,"parent":0,"menu_order":0,"comment_status":"closed","ping_status":"closed","template":"","meta":{"footnotes":""},"class_list":["post-217","page","type-page","status-publish","hentry"],"_links":{"self":[{"href":"https:\/\/test.chambredhotesduchene.fr\/index.php\/wp-json\/wp\/v2\/pages\/217","targetHints":{"allow":["GET"]}}],"collection":[{"href":"https:\/\/test.chambredhotesduchene.fr\/index.php\/wp-json\/wp\/v2\/pages"}],"about":[{"href":"https:\/\/test.chambredhotesduchene.fr\/index.php\/wp-json\/wp\/v2\/types\/page"}],"author":[{"embeddable":true,"href":"https:\/\/test.chambredhotesduchene.fr\/index.php\/wp-json\/wp\/v2\/users\/1"}],"replies":[{"embeddable":true,"href":"https:\/\/test.chambredhotesduchene.fr\/index.php\/wp-json\/wp\/v2\/comments?post=217"}],"version-history":[{"count":21,"href":"https:\/\/test.chambredhotesduchene.fr\/index.php\/wp-json\/wp\/v2\/pages\/217\/revisions"}],"predecessor-version":[{"id":400,"href":"https:\/\/test.chambredhotesduchene.fr\/index.php\/wp-json\/wp\/v2\/pages\/217\/revisions\/400"}],"wp:attachment":[{"href":"https:\/\/test.chambredhotesduchene.fr\/index.php\/wp-json\/wp\/v2\/media?parent=217"}],"curies":[{"name":"wp","href":"https:\/\/api.w.org\/{rel}","templated":true}]}}